{"id":825,"date":"2021-05-31T19:19:30","date_gmt":"2021-05-31T18:19:30","guid":{"rendered":"https:\/\/www.beachsport-bb.de\/beachvolleyball-brandenburg\/?page_id=825"},"modified":"2025-07-02T18:43:24","modified_gmt":"2025-07-02T17:43:24","slug":"buchungskalender","status":"publish","type":"page","link":"https:\/\/www.beachsport-bb.de\/beachvolleyball-brandenburg\/buchungskalender\/","title":{"rendered":"Buchungskalender"},"content":{"rendered":"\n<p>Die Beachanlage besteht aktuell aus 12 Feldern. Dort trainieren unsere Mitglieder und G\u00e4ste. Wenn Mitglieder oder Verantwortliche zu eurer Buchungszeit vor Ort sind, erhaltet ihr eine Buchungsbest\u00e4tigung per Mail. <\/p>\n\n\n\n<h2 class=\"wp-block-heading\">Es gelten die folgenden Nutzungsbedingungen:<\/h2>\n\n\n\n<p>Die Felder \u00fcbernehmt ihr in bespieltem Zustand. Es stehen \u00fcberall Abzieher, mit denen ihr euer Feld vor dem Training gl\u00e4tten k\u00f6nnt. Danach k\u00f6nnt ihr einfach gehen, weil der n\u00e4chste Nutzer wieder das Feld f\u00fcr sein Training herrichtet.<\/p>\n\n\n\n<p>Das Parken auf dem Gel\u00e4nde ist nicht erlaubt, das Parken auf der Stra\u00dfe vor der Beachanlage ist eine Ordnungswidrigkeit.<\/p>\n\n\n\n<p>Buchung sind f\u00fcr Beachvolleyball, Beachhandball und Beachbasketball m\u00f6glich. <\/p>\n\n\n\n<p>F\u00fcr Beachsoccer-Felder, bitte <a href=\"https:\/\/velten-bernsteinsee.de\/lage-anfahrt\/\" data-type=\"link\" data-id=\"https:\/\/velten-bernsteinsee.de\/lage-anfahrt\/\" target=\"_blank\" rel=\"noreferrer noopener\">REG Velten<\/a> kontaktieren.<\/p>\n\n\n\n<p>Obwohl die Beachanlage einen direkten Zugang zum Bernsteinsee hat, ist das Baden nicht inklusive, wenn ihr ein Feld bucht. Wer baden will, wendet sich bitte an die <a href=\"https:\/\/velten-bernsteinsee.de\/#regeln\" target=\"_blank\" rel=\"noreferrer noopener\">REG Velten<\/a>.<\/p>\n\n\n\n<p><strong>Buchung<\/strong><\/p>\n\n\n\n<p>Bitte klickt auf das entsprechende Datum oder selektiert einen Zeitraum und bef\u00fcllt die entsprechenden Felder mit den ben\u00f6tigten Informationen. Mit der Buchung akzeptiert ihr die oben beschriebenen Nutzungsbedingungen. <\/p>\n\n\n\n<p>Bei gr\u00f6\u00dferen\/ komplexeren Buchungen mit mehreren Courts\/ unterschiedlichen Sportarten bitte eine Email an <a href=\"mailto:info@beachsport-bb.de\">info@beachsport-bb.de<\/a> schicken.<\/p>\n\n\n\n<div class=\"wp-block-booking-booking\"> <div id=\"form_id1192076348969\" class=\"wpdevelop\"><form  id=\"booking_form1\"   class=\"booking_form vertical\" method=\"post\" action=\"\"><div id=\"ajax_respond_insert1\" class=\"ajax_respond_insert\" style=\"display:none;\"><\/div><a name=\"bklnk1\" id=\"bklnk1\"><\/a><div id=\"booking_form_div1\" class=\"booking_form_div\"><div class=\"wpbc_booking_form_structure wpbc_vertical\">\n  <div class=\"wpbc_structure_calendar\">\n    <div class=\"wpbc_change_over_triangle\"><div class=\"bk_calendar_frame months_num_in_row_ cal_month_num_3 wpbc_timeslot_day_bg_as_available\" style=\"width:100%;max-width:852px;\"><div id=\"calendar_booking1\">Kalender wird geladen...<\/div><\/div><div style=\"font-size:9px;text-align:left;margin-top:3px;\">Powered by <a style=\"font-size:9px;\" href=\"https:\/\/wpbookingcalendar.com\" target=\"_blank\" title=\"Booking Calendar plugin for WordPress\">Booking Calendar<\/a><\/div><textarea id=\"date_booking1\" name=\"date_booking1\" autocomplete=\"off\" style=\"display:none;\"><\/textarea><\/div>\n  <\/div>\n  <div class=\"wpbc_structure_form\">\n  <div class=\"form-group\">  <label for=\"name1\" class=\"control-label\">Vorname*:<\/label>   <div class=\"controls\">   <input type=\"text\" name=\"name1\" id=\"name1\" class=\"input-xlarge wpdev-validates-as-required\" \/><\/div><\/div>  <div class=\"form-group\">  <label for=\"secondname1\" class=\"control-label\">Nachname*:<\/label>   <div class=\"controls\">   <input type=\"text\" name=\"secondname1\" id=\"secondname1\" class=\"input-xlarge wpdev-validates-as-required\" \/><\/div><\/div>  <div class=\"form-group\">  <label for=\"email1\" class=\"control-label\">Email*:<\/label>   <div class=\"controls\">   <input type=\"text\" name=\"email1\" id=\"email1\" class=\"input-xlarge wpdev-validates-as-email wpdev-validates-as-required wpdev-validates-as-required\" \/><\/div><\/div>  <div class=\"form-group\">  <label for=\"sportart1\" class=\"control-label\">Sportart*:<\/label>   <div class=\"controls\">   <select name=\"sportart1\" id=\"sportart1\" class=\"input-xlarge wpdev-validates-as-required\" >  <option value=\"Beachvolleyball\" >Beachvolleyball<\/option>  <option value=\"Beachhandball\" >Beachhandball<\/option>  <option value=\"Beachbasketball\" >Beachbasketball<\/option>     <\/select><\/div><\/div>  <div class=\"form-group\">  <label for=\"zeitraumv1\" class=\"control-label\">Zeitraum (von - bis)*:<\/label>   <div class=\"controls\">   <input type=\"text\" name=\"zeitraumv1\" id=\"zeitraumv1\" class=\"input-xlarge wpdev-validates-as-required\" \/><\/div><\/div>  <div class=\"form-group\">  <label for=\"anzahlpersonenueber18jahre1\" class=\"control-label\">Anzahl Personen (\u00fcber 18 Jahre)*:<\/label>   <div class=\"controls\">   <input type=\"text\" name=\"anzahlpersonenueber18jahre1\" id=\"anzahlpersonenueber18jahre1\" class=\"input-xlarge wpdev-validates-as-required\" \/><\/div><\/div>  <div class=\"form-group\">  <label for=\"anzahlpersonenunter18jahre1\" class=\"control-label\">Anzahl Personen (unter 18 Jahre):<\/label>   <div class=\"controls\">   <input type=\"text\" name=\"anzahlpersonenunter18jahre1\" id=\"anzahlpersonenunter18jahre1\" class=\"input-xlarge\" \/><\/div><\/div>  <div class=\"form-group\">  <label for=\"anzahlcourts1\" class=\"control-label\">Anzahl Courts:<\/label>   <div class=\"controls\">   <input type=\"text\" name=\"anzahlcourts1\" id=\"anzahlcourts1\" class=\"input-xlarge\" \/><\/div><\/div>  <div class=\"form-group\">  <label for=\"phone1\" class=\"control-label\">Telefon:<\/label>   <div class=\"controls\">   <input type=\"text\" name=\"phone1\" id=\"phone1\" class=\"input-xlarge\" \/><\/div><\/div>  <div class=\"form-group\">  <label for=\"details1\" class=\"control-label\">Deine Mitteilung:<\/label>   <div class=\"controls\">   <textarea  rows=\"3\" name=\"details1\" id=\"details1\" class=\"input-xlarge\" ><\/textarea><\/div><\/div><div class=\"form-group\"><\/div>\n<div class=\"form-group\"><button class=\"btn btn-default\" type=\"button\" onclick=\"mybooking_submit(this.form,1,'de_DE');\" >Senden<\/button><\/div>\n  <\/div>\n<\/div>\n<div class=\"wpbc_booking_form_footer\"><\/div><input id=\"bk_type1\" name=\"bk_type1\" class=\"\" type=\"hidden\" value=\"1\" \/><\/div><div id=\"submiting1\"><\/div><div class=\"form_bk_messages\" id=\"form_bk_messages1\" ><\/div><input type=\"hidden\" id=\"wpbc_nonce1\" name=\"wpbc_nonce1\" value=\"d54ffeeed0\" \/><input type=\"hidden\" name=\"_wp_http_referer\" value=\"\/beachvolleyball-brandenburg\/wp-json\/wp\/v2\/pages\/825\" \/><input type=\"hidden\" id=\"wpbc_nonceCALCULATE_THE_COST1\" name=\"wpbc_nonceCALCULATE_THE_COST1\" value=\"2fa0b8594f\" \/><input type=\"hidden\" name=\"_wp_http_referer\" value=\"\/beachvolleyball-brandenburg\/wp-json\/wp\/v2\/pages\/825\" \/><\/form><\/div><div id=\"booking_form_garbage1\" class=\"booking_form_garbage\"><\/div><script type=\"text\/javascript\">\n                                jQuery(document).ready( function(){\n                                    jQuery(\".widget_wpdev_booking .booking_form.form-horizontal\").removeClass(\"form-horizontal\");\n                                    var visible_booking_id_on_page_num = visible_booking_id_on_page.length;\n                                    if (visible_booking_id_on_page_num !== null ) {\n                                        for (var i=0;i< visible_booking_id_on_page_num ;i++){\n                                          if ( visible_booking_id_on_page[i]==\"booking_form_div1\" ) {\n                                              document.getElementById(\"form_id1192076348969\").innerHTML = \"<span style='color:#A00;font-size:10px;'>Achtung! Buchungskalender f\u00fcr diese Unterkunft bereits auf der Seite enthalten. Bitte lesen Sie mehr hierzu auf dieser Seite: https:\/\/wpbookingcalendar.com\/faq\/why-the-booking-calendar-widget-not-show-on-page\/<\/span>\";                                                                                                  \n                                              jQuery(\"#form_id1192076348969\").animate( {opacity: 1}, 10000 ).fadeOut(5000);\n                                              return;\n                                          }\n                                        }\n                                        visible_booking_id_on_page[ visible_booking_id_on_page_num ]=\"booking_form_div1\";\n                                    }\n                                });\n                            <\/script> <script type='text\/javascript'>  jQuery(document).ready( function(){  date_admin_blank[1] = [];  date2approve[1] = [];  var date_approved_par = [];  init_datepick_cal('1', date_approved_par, 3 , 1, false   );  }); <\/script><\/div>\n","protected":false},"excerpt":{"rendered":"<p>Die Beachanlage besteht aktuell aus 12 Feldern. Dort trainieren unsere Mitglieder und G\u00e4ste. Wenn Mitglieder oder Verantwortliche zu eurer Buchungszeit vor Ort sind, erhaltet ihr eine Buchungsbest\u00e4tigung per Mail. Es gelten die folgenden Nutzungsbedingungen: Die Felder \u00fcbernehmt ihr in bespieltem Zustand. Es stehen \u00fcberall Abzieher, mit denen ihr euer Feld vor dem Training gl\u00e4tten k\u00f6nnt. &hellip; <\/p>\n<p class=\"link-more\"><a href=\"https:\/\/www.beachsport-bb.de\/beachvolleyball-brandenburg\/buchungskalender\/\" class=\"more-link\"><span class=\"screen-reader-text\">\u201eBuchungskalender\u201c<\/span> weiterlesen<\/a><\/p>\n","protected":false},"author":6,"featured_media":0,"parent":0,"menu_order":0,"comment_status":"closed","ping_status":"closed","template":"","meta":{"footnotes":""},"class_list":["post-825","page","type-page","status-publish","hentry"],"_links":{"self":[{"href":"https:\/\/www.beachsport-bb.de\/beachvolleyball-brandenburg\/wp-json\/wp\/v2\/pages\/825","targetHints":{"allow":["GET"]}}],"collection":[{"href":"https:\/\/www.beachsport-bb.de\/beachvolleyball-brandenburg\/wp-json\/wp\/v2\/pages"}],"about":[{"href":"https:\/\/www.beachsport-bb.de\/beachvolleyball-brandenburg\/wp-json\/wp\/v2\/types\/page"}],"author":[{"embeddable":true,"href":"https:\/\/www.beachsport-bb.de\/beachvolleyball-brandenburg\/wp-json\/wp\/v2\/users\/6"}],"replies":[{"embeddable":true,"href":"https:\/\/www.beachsport-bb.de\/beachvolleyball-brandenburg\/wp-json\/wp\/v2\/comments?post=825"}],"version-history":[{"count":19,"href":"https:\/\/www.beachsport-bb.de\/beachvolleyball-brandenburg\/wp-json\/wp\/v2\/pages\/825\/revisions"}],"predecessor-version":[{"id":1150,"href":"https:\/\/www.beachsport-bb.de\/beachvolleyball-brandenburg\/wp-json\/wp\/v2\/pages\/825\/revisions\/1150"}],"wp:attachment":[{"href":"https:\/\/www.beachsport-bb.de\/beachvolleyball-brandenburg\/wp-json\/wp\/v2\/media?parent=825"}],"curies":[{"name":"wp","href":"https:\/\/api.w.org\/{rel}","templated":true}]}}