{"id":27,"date":"2010-04-30T20:58:37","date_gmt":"2010-04-30T19:58:37","guid":{"rendered":"http:\/\/www.beachsport-bb.de\/beachvolleyball-brandenburg\/?page_id=27"},"modified":"2023-04-23T10:17:06","modified_gmt":"2023-04-23T09:17:06","slug":"verein","status":"publish","type":"page","link":"https:\/\/www.beachsport-bb.de\/beachvolleyball-brandenburg\/verein\/","title":{"rendered":"Verein"},"content":{"rendered":"<p>Sport frei liebe Besucher !<\/p>\n<p>Unser Verein Beachsport Brandenburg e.V. wurde am 17.09.98 in Velten gegr\u00fcndet.<\/p>\n<p>Auf diesen Seiten findet Ihr unsere <a href=\"http:\/\/www.beachsport-bb.de\/beachvolleyball-brandenburg\/verein\/satzung\/\">Satzung<\/a> sowie Neuigkeiten aus dem Vereinsleben.<\/p>\n<p>Wer mitmachen m\u00f6chte, schickt bitte eine eMail <strong>info(at)beachsport-bb.de<\/strong>, <a href=\"http:\/\/www.beachsport-bb.de\/beachvolleyball-brandenburg\/verein\/kontakt\/\">ruft uns<\/a> an oder kommt einfach zum Bernsteinsee.<\/p>\n<p><strong>Mitgliedsbeitrag<\/strong><\/p>\n<p>Der Mitgliedsjahresbeitrag pro Person betr\u00e4gt 100,00 Euro.<\/p>\n<p>F\u00fcr Turniere die der Beachsport Brandenburg &amp; Berlin e.V. als Ausrichter gestaltet, gilt f\u00fcr aktive Mitglieder die Befreiung vom Kautionsgeld. Durch den Mitgliedsbeitrag sind die pers\u00f6nlichen Mitglieder auf den Veranstaltungen Haftpflicht und zus\u00e4tzlich unfallversichert. Mit den Mitgliedsbeitr\u00e4gen wollen wir den Bereich der Jugendarbeit f\u00f6rdern.<\/p>\n","protected":false},"excerpt":{"rendered":"<p>Sport frei liebe Besucher ! Unser Verein Beachsport Brandenburg e.V. wurde am 17.09.98 in Velten gegr\u00fcndet. Auf diesen Seiten findet Ihr unsere Satzung sowie Neuigkeiten aus dem Vereinsleben. Wer mitmachen m\u00f6chte, schickt bitte eine eMail info(at)beachsport-bb.de, ruft uns an oder kommt einfach zum Bernsteinsee. Mitgliedsbeitrag Der Mitgliedsjahresbeitrag pro Person betr\u00e4gt 100,00 Euro. F\u00fcr Turniere die &hellip; <\/p>\n<p class=\"link-more\"><a href=\"https:\/\/www.beachsport-bb.de\/beachvolleyball-brandenburg\/verein\/\" class=\"more-link\"><span class=\"screen-reader-text\">\u201eVerein\u201c<\/span> weiterlesen<\/a><\/p>\n","protected":false},"author":2,"featured_media":0,"parent":0,"menu_order":10,"comment_status":"closed","ping_status":"closed","template":"","meta":{"footnotes":""},"class_list":["post-27","page","type-page","status-publish","hentry"],"_links":{"self":[{"href":"https:\/\/www.beachsport-bb.de\/beachvolleyball-brandenburg\/wp-json\/wp\/v2\/pages\/27","targetHints":{"allow":["GET"]}}],"collection":[{"href":"https:\/\/www.beachsport-bb.de\/beachvolleyball-brandenburg\/wp-json\/wp\/v2\/pages"}],"about":[{"href":"https:\/\/www.beachsport-bb.de\/beachvolleyball-brandenburg\/wp-json\/wp\/v2\/types\/page"}],"author":[{"embeddable":true,"href":"https:\/\/www.beachsport-bb.de\/beachvolleyball-brandenburg\/wp-json\/wp\/v2\/users\/2"}],"replies":[{"embeddable":true,"href":"https:\/\/www.beachsport-bb.de\/beachvolleyball-brandenburg\/wp-json\/wp\/v2\/comments?post=27"}],"version-history":[{"count":14,"href":"https:\/\/www.beachsport-bb.de\/beachvolleyball-brandenburg\/wp-json\/wp\/v2\/pages\/27\/revisions"}],"predecessor-version":[{"id":1040,"href":"https:\/\/www.beachsport-bb.de\/beachvolleyball-brandenburg\/wp-json\/wp\/v2\/pages\/27\/revisions\/1040"}],"wp:attachment":[{"href":"https:\/\/www.beachsport-bb.de\/beachvolleyball-brandenburg\/wp-json\/wp\/v2\/media?parent=27"}],"curies":[{"name":"wp","href":"https:\/\/api.w.org\/{rel}","templated":true}]}}