{"id":22,"date":"2010-04-30T20:56:41","date_gmt":"2010-04-30T20:56:41","guid":{"rendered":"http:\/\/www.beachsport-bb.de\/beachvolleyball-brandenburg\/?page_id=22"},"modified":"2020-06-21T10:19:47","modified_gmt":"2020-06-21T09:19:47","slug":"anfahrt","status":"publish","type":"page","link":"https:\/\/www.beachsport-bb.de\/beachvolleyball-brandenburg\/anfahrt\/","title":{"rendered":"Anfahrt"},"content":{"rendered":"<p><strong>Adresse:<\/strong><\/p>\n<p>Der Bernsteinsee befindet sich zwischen Velten und Borgsdorf (Ortsteil Pinnow), nahe der<br \/>\nAutobahn A 10 (Berliner Ring).<\/p>\n<p>Bernsteinsee Velten<br \/>\nPinnower Chausse<br \/>\nD-16727 Velten<\/p>\n<p><strong>Parken:<\/strong><\/p>\n<p>Auf dem asphaltierten Parkplatz (unbewacht) stehen ca. 1.000 Stellpl\u00e4tze zur Verf\u00fcgung.<br \/>\nWeitere 300 Parkm\u00f6glichkeiten finden Sie unmittelbar auf der gegen\u00fcberliegenden Seite der Pinnower Chaussee. Die Parkgeb\u00fchren werden von der Stadt Velten erhoben und betragen pro Auto 2 EUR.<\/p>\n<p>Das Parken auf dem Vereinsgel\u00e4nde und auf der Einfahrt zum Gel\u00e4nde ist untersagt. Das Parken auf dem Zufahrtsweg zum Gel\u00e4nde wurde von der Stadt Velten ebenfalls untersagt. Autos k\u00f6nnen kostenpflichtig abgeschleppt werden.<\/p>\n<p><strong>So erreichen Sie uns mit dem Auto:<\/strong><\/p>\n<p><strong>#1<\/strong> \u00fcber die Autobahn A 111 aus Berlin kommend (Richtung Hamburg), vor dem Kreuz Oranienburg, Abfahrt Hennigsdorf\/Velten abfahren und der Beschilderung folgen(Bernsteinsee\/Wasserskianlage).<\/p>\n<p><strong>#2<\/strong> \u00fcber die Autobahn A10 (Berliner Ring) , Abfahrt Birkenwerder, danach auf der B96 Richtung Oranienburg fahren. Nach ca. 2 km an der Ampel nach links abbiegen (Richtung Velten). Durch Borgsdorf (OT Pinnow) weiter der Hauptstra\u00dfe folgen.<br \/>\nNach 3km liegt der Bernsteinsee auf linken Seite (hinter der Autobahnbr\u00fccke).<\/p>\n<p><strong>Ziel<\/strong><br \/>\nBernsteinsee Velten<br \/>\nPinnower Chausse<br \/>\nD-16727 Velten<\/p>\n<p><iframe loading=\"lazy\" src=\"http:\/\/maps.google.de\/maps?f=q&amp;source=embed&amp;hl=de&amp;geocode=&amp;q=52.700275,13.217325&amp;sll=52.698806,13.224385&amp;sspn=0.009896,0.027809&amp;gl=de&amp;ie=UTF8&amp;t=h&amp;ll=52.706191,13.221531&amp;spn=0.027199,0.077162&amp;z=14&amp;iwloc=A&amp;output=embed\" width=\"425\" height=\"350\" frameborder=\"0\" marginwidth=\"0\" marginheight=\"0\" scrolling=\"no\"><\/iframe><br \/>\n<small><a style=\"text-align: left; color: #0000ff;\" href=\"http:\/\/maps.google.de\/maps?f=q&amp;source=embed&amp;hl=de&amp;geocode=&amp;q=52.700275,13.217325&amp;sll=52.698806,13.224385&amp;sspn=0.009896,0.027809&amp;gl=de&amp;ie=UTF8&amp;t=h&amp;ll=52.706191,13.221531&amp;spn=0.027199,0.077162&amp;z=14&amp;iwloc=A\">Gr\u00f6\u00dfere Kartenansicht<\/a><\/small><\/p>\n","protected":false},"excerpt":{"rendered":"<p>Adresse: Der Bernsteinsee befindet sich zwischen Velten und Borgsdorf (Ortsteil Pinnow), nahe der Autobahn A 10 (Berliner Ring). Bernsteinsee Velten Pinnower Chausse D-16727 Velten Parken: Auf dem asphaltierten Parkplatz (unbewacht) stehen ca. 1.000 Stellpl\u00e4tze zur Verf\u00fcgung. Weitere 300 Parkm\u00f6glichkeiten finden Sie unmittelbar auf der gegen\u00fcberliegenden Seite der Pinnower Chaussee. Die Parkgeb\u00fchren werden von der Stadt &hellip; <\/p>\n<p class=\"link-more\"><a href=\"https:\/\/www.beachsport-bb.de\/beachvolleyball-brandenburg\/anfahrt\/\" class=\"more-link\"><span class=\"screen-reader-text\">\u201eAnfahrt\u201c<\/span> weiterlesen<\/a><\/p>\n","protected":false},"author":2,"featured_media":0,"parent":0,"menu_order":7,"comment_status":"closed","ping_status":"closed","template":"","meta":{"footnotes":""},"class_list":["post-22","page","type-page","status-publish","hentry"],"_links":{"self":[{"href":"https:\/\/www.beachsport-bb.de\/beachvolleyball-brandenburg\/wp-json\/wp\/v2\/pages\/22","targetHints":{"allow":["GET"]}}],"collection":[{"href":"https:\/\/www.beachsport-bb.de\/beachvolleyball-brandenburg\/wp-json\/wp\/v2\/pages"}],"about":[{"href":"https:\/\/www.beachsport-bb.de\/beachvolleyball-brandenburg\/wp-json\/wp\/v2\/types\/page"}],"author":[{"embeddable":true,"href":"https:\/\/www.beachsport-bb.de\/beachvolleyball-brandenburg\/wp-json\/wp\/v2\/users\/2"}],"replies":[{"embeddable":true,"href":"https:\/\/www.beachsport-bb.de\/beachvolleyball-brandenburg\/wp-json\/wp\/v2\/comments?post=22"}],"version-history":[{"count":9,"href":"https:\/\/www.beachsport-bb.de\/beachvolleyball-brandenburg\/wp-json\/wp\/v2\/pages\/22\/revisions"}],"predecessor-version":[{"id":674,"href":"https:\/\/www.beachsport-bb.de\/beachvolleyball-brandenburg\/wp-json\/wp\/v2\/pages\/22\/revisions\/674"}],"wp:attachment":[{"href":"https:\/\/www.beachsport-bb.de\/beachvolleyball-brandenburg\/wp-json\/wp\/v2\/media?parent=22"}],"curies":[{"name":"wp","href":"https:\/\/api.w.org\/{rel}","templated":true}]}}