{"id":1008,"date":"2023-04-16T10:36:41","date_gmt":"2023-04-16T09:36:41","guid":{"rendered":"https:\/\/www.beachsport-bb.de\/beachvolleyball-brandenburg\/?page_id=1008"},"modified":"2025-07-03T18:41:59","modified_gmt":"2025-07-03T17:41:59","slug":"willkommen","status":"publish","type":"page","link":"https:\/\/www.beachsport-bb.de\/beachvolleyball-brandenburg\/","title":{"rendered":"Willkommen"},"content":{"rendered":"\n<p>Willkommen auf der Homepage des Verein Beachsport Berlin Brandenburg.<\/p>\n\n\n\n<p>Auf diesen Seiten findet Ihr Informationen \u00fcber den <a href=\"https:\/\/www.beachsport-bb.de\/beachvolleyball-brandenburg\/verein\/\" data-type=\"page\" data-id=\"27\">Verein<\/a>, die <a href=\"https:\/\/www.beachsport-bb.de\/beachvolleyball-brandenburg\/die-anlage\/\" data-type=\"page\" data-id=\"852\">Anlage <\/a>am Bernsteinsee sowie <a href=\"https:\/\/www.beachsport-bb.de\/beachvolleyball-brandenburg\/termine-2011\/\" data-type=\"page\" data-id=\"7\">Turniere, Camps und Events.<\/a><\/p>\n\n\n\n<p><\/p>\n\n\n\n<figure class=\"wp-block-image size-large is-resized\"><a href=\"https:\/\/www.beachsport-bb.de\/beachvolleyball-brandenburg\/wp-content\/uploads\/2023\/06\/4-scaled.jpg\"><img loading=\"lazy\" decoding=\"async\" width=\"1024\" height=\"683\" src=\"https:\/\/www.beachsport-bb.de\/beachvolleyball-brandenburg\/wp-content\/uploads\/2023\/06\/4-1024x683.jpg\" alt=\"\" class=\"wp-image-1094\" style=\"width:604px;height:402px\" srcset=\"https:\/\/www.beachsport-bb.de\/beachvolleyball-brandenburg\/wp-content\/uploads\/2023\/06\/4-1024x683.jpg 1024w, https:\/\/www.beachsport-bb.de\/beachvolleyball-brandenburg\/wp-content\/uploads\/2023\/06\/4-300x200.jpg 300w, https:\/\/www.beachsport-bb.de\/beachvolleyball-brandenburg\/wp-content\/uploads\/2023\/06\/4-768x512.jpg 768w, https:\/\/www.beachsport-bb.de\/beachvolleyball-brandenburg\/wp-content\/uploads\/2023\/06\/4-1536x1024.jpg 1536w, https:\/\/www.beachsport-bb.de\/beachvolleyball-brandenburg\/wp-content\/uploads\/2023\/06\/4-2048x1365.jpg 2048w\" sizes=\"auto, (max-width: 767px) 89vw, (max-width: 1000px) 54vw, (max-width: 1071px) 543px, 580px\" \/><\/a><\/figure>\n\n\n\n<p>Seid Ihr bereits Mitglied oder m\u00f6chtet Ihr es werden? <a href=\"https:\/\/www.beachsport-bb.de\/beachvolleyball-brandenburg\/mitglieder\/\" data-type=\"page\" data-id=\"933\">Hier <\/a>findet Ihr n\u00fctzliche Links \u00fcber Vereinsveranstaltungen, Arbeitseins\u00e4tze, Satzung und Aufnahmeantrag.<\/p>\n\n\n\n<p>Berichte von aktuellen Event und Turnieren findet ihr hier: <a href=\"https:\/\/www.beachsport-bb.de\/beachvolleyball-brandenburg\/aktuelles\/\" data-type=\"page\" data-id=\"1151\">Aktuelles<\/a><\/p>\n","protected":false},"excerpt":{"rendered":"<p>Willkommen auf der Homepage des Verein Beachsport Berlin Brandenburg. Auf diesen Seiten findet Ihr Informationen \u00fcber den Verein, die Anlage am Bernsteinsee sowie Turniere, Camps und Events. Seid Ihr bereits Mitglied oder m\u00f6chtet Ihr es werden? Hier findet Ihr n\u00fctzliche Links \u00fcber Vereinsveranstaltungen, Arbeitseins\u00e4tze, Satzung und Aufnahmeantrag. Berichte von aktuellen Event und Turnieren findet ihr &hellip; <\/p>\n<p class=\"link-more\"><a href=\"https:\/\/www.beachsport-bb.de\/beachvolleyball-brandenburg\/\" class=\"more-link\"><span class=\"screen-reader-text\">\u201eWillkommen\u201c<\/span> weiterlesen<\/a><\/p>\n","protected":false},"author":7,"featured_media":1052,"parent":0,"menu_order":0,"comment_status":"closed","ping_status":"closed","template":"","meta":{"footnotes":""},"class_list":["post-1008","page","type-page","status-publish","has-post-thumbnail","hentry"],"_links":{"self":[{"href":"https:\/\/www.beachsport-bb.de\/beachvolleyball-brandenburg\/wp-json\/wp\/v2\/pages\/1008","targetHints":{"allow":["GET"]}}],"collection":[{"href":"https:\/\/www.beachsport-bb.de\/beachvolleyball-brandenburg\/wp-json\/wp\/v2\/pages"}],"about":[{"href":"https:\/\/www.beachsport-bb.de\/beachvolleyball-brandenburg\/wp-json\/wp\/v2\/types\/page"}],"author":[{"embeddable":true,"href":"https:\/\/www.beachsport-bb.de\/beachvolleyball-brandenburg\/wp-json\/wp\/v2\/users\/7"}],"replies":[{"embeddable":true,"href":"https:\/\/www.beachsport-bb.de\/beachvolleyball-brandenburg\/wp-json\/wp\/v2\/comments?post=1008"}],"version-history":[{"count":6,"href":"https:\/\/www.beachsport-bb.de\/beachvolleyball-brandenburg\/wp-json\/wp\/v2\/pages\/1008\/revisions"}],"predecessor-version":[{"id":1153,"href":"https:\/\/www.beachsport-bb.de\/beachvolleyball-brandenburg\/wp-json\/wp\/v2\/pages\/1008\/revisions\/1153"}],"wp:featuredmedia":[{"embeddable":true,"href":"https:\/\/www.beachsport-bb.de\/beachvolleyball-brandenburg\/wp-json\/wp\/v2\/media\/1052"}],"wp:attachment":[{"href":"https:\/\/www.beachsport-bb.de\/beachvolleyball-brandenburg\/wp-json\/wp\/v2\/media?parent=1008"}],"curies":[{"name":"wp","href":"https:\/\/api.w.org\/{rel}","templated":true}]}}